{"id":1037,"date":"2014-01-29T06:40:17","date_gmt":"2014-01-29T06:40:17","guid":{"rendered":"https:\/\/tezuka.strobez.ca\/wp\/?page_id=1037"},"modified":"2023-02-06T17:54:26","modified_gmt":"2023-02-06T17:54:26","slug":"beethoven-ludwig-star","status":"publish","type":"page","link":"https:\/\/tezuka.strobez.ca\/wp\/?page_id=1037","title":{"rendered":"Beethoven, Ludwig van"},"content":{"rendered":"<h5 class=\"also-known\">Also known as \u30eb\u30fc\u30c8\u30f4\u30a3\u30d2 \u30f4\u30a1\u30f3 \u30d9\u30fc\u30c8\u30fc\u30f4\u30a7\u30f3 (R\u016btovihi van b\u0113t\u014dven)<\/h5>\n<hr \/>\n<p><img loading=\"lazy\" decoding=\"async\" class=\"wp-image-5270 size-full alignleft\" src=\"https:\/\/tezuka.strobez.ca\/wp\/wp-content\/uploads\/2014\/01\/star-beethoven.png\" alt=\"\" width=\"150\" height=\"150\" srcset=\"https:\/\/tezuka.strobez.ca\/wp\/wp-content\/uploads\/2014\/01\/star-beethoven.png 150w, https:\/\/tezuka.strobez.ca\/wp\/wp-content\/uploads\/2014\/01\/star-beethoven-60x60.png 60w, https:\/\/tezuka.strobez.ca\/wp\/wp-content\/uploads\/2014\/01\/star-beethoven-100x100.png 100w\" sizes=\"auto, (max-width: 150px) 100vw, 150px\" \/><\/p>\n<h3>Hello, My Name (in English) is\u2026<\/h3>\n<p>Ludwig, but his friends call him Louie &#8211; it&#8217;s French!<\/p>\n<h3>Distinguishing Features<\/h3>\n<p>Short in stature and with a unruly black mop of hair, this is the composer Ludwig van Beethoven like you&#8217;ve never seen him before.<\/p>\n<h3>Status: Primary Star (\u2605\u2605\u2605)<\/h3>\n<p>Despite being small of stature, Ludwig is a brash young man with a huge musical talent. \u00a0Pushed to be the best by a father hoping to free his son from the shackles of the aristocratic musical patronage system, Ludwig has a relentless drive to push the musical boundaries. \u00a0This leads him to seek out the tutaledge of the brightest stars in music of the day, but his quest for perfection leaves him ultimately disappointed by the mere-mortalness of his teachers. \u00a0Constrained by society, bound by familial duty, and frustrated in both professionally and in love, Ludwig still finds solace in his music &#8211; letting the masterpieces he creates wash over him like waves.<\/p>\n<h3>Notable\u00a0Roles<\/h3>\n<p>As <a href=\"https:\/\/tezuka.strobez.ca\/wp\/?page_id=2940\"><em>Ludwig B<\/em> (1988)<\/a>\u00a0was one of Tezuka&#8217;s last works, and left unfinished by his untimely death, Ludwig van Beethoven made no appearances outside of his titular role. \u00a0That being said, he does share a kind of stylistic kinship with <a href=\"https:\/\/tezuka.strobez.ca\/wp\/?page_id=7671\">Inspector\u00a0Unmei<\/a> of <a href=\"https:\/\/tezuka.strobez.ca\/wp\/?page_id=803\"><em>The Three-Eyed One<\/em> (1976-78)<\/a> fame.<\/p>\n<div class=\"section\">\n<h3>Manga Appearances<\/h3>\n<p>If you spot an appearance not already listed, please let us know in the comments section below!<\/p>\n<hr \/>\n<h4>1988<\/h4>\n<p><em><a href=\"https:\/\/tezuka.strobez.ca\/wp\/?page_id=2940\">Ludwig B<\/a><\/em> as &#8220;Ludwig van Beethoven&#8221;<\/p>\n<hr \/>\n<\/div>\n","protected":false},"excerpt":{"rendered":"<p>The protagonist of the manga biography Ludwig B (1988), Ludwig is a brash young man with a huge musical talent and a desire to be the best.<\/p>\n","protected":false},"author":1,"featured_media":5270,"parent":6242,"menu_order":0,"comment_status":"open","ping_status":"open","template":"","meta":{"jetpack_post_was_ever_published":false,"footnotes":""},"categories":[14],"tags":[138,201],"class_list":["post-1037","page","type-page","status-publish","has-post-thumbnail","hentry","category-star-system","tag-real-people","tag-ludwig-b-cast","has-thumbnail"],"jetpack_sharing_enabled":true,"jetpack_shortlink":"https:\/\/wp.me\/P6vZWu-gJ","_links":{"self":[{"href":"https:\/\/tezuka.strobez.ca\/wp\/index.php?rest_route=\/wp\/v2\/pages\/1037","targetHints":{"allow":["GET"]}}],"collection":[{"href":"https:\/\/tezuka.strobez.ca\/wp\/index.php?rest_route=\/wp\/v2\/pages"}],"about":[{"href":"https:\/\/tezuka.strobez.ca\/wp\/index.php?rest_route=\/wp\/v2\/types\/page"}],"author":[{"embeddable":true,"href":"https:\/\/tezuka.strobez.ca\/wp\/index.php?rest_route=\/wp\/v2\/users\/1"}],"replies":[{"embeddable":true,"href":"https:\/\/tezuka.strobez.ca\/wp\/index.php?rest_route=%2Fwp%2Fv2%2Fcomments&post=1037"}],"version-history":[{"count":28,"href":"https:\/\/tezuka.strobez.ca\/wp\/index.php?rest_route=\/wp\/v2\/pages\/1037\/revisions"}],"predecessor-version":[{"id":12419,"href":"https:\/\/tezuka.strobez.ca\/wp\/index.php?rest_route=\/wp\/v2\/pages\/1037\/revisions\/12419"}],"up":[{"embeddable":true,"href":"https:\/\/tezuka.strobez.ca\/wp\/index.php?rest_route=\/wp\/v2\/pages\/6242"}],"wp:featuredmedia":[{"embeddable":true,"href":"https:\/\/tezuka.strobez.ca\/wp\/index.php?rest_route=\/wp\/v2\/media\/5270"}],"wp:attachment":[{"href":"https:\/\/tezuka.strobez.ca\/wp\/index.php?rest_route=%2Fwp%2Fv2%2Fmedia&parent=1037"}],"wp:term":[{"taxonomy":"category","embeddable":true,"href":"https:\/\/tezuka.strobez.ca\/wp\/index.php?rest_route=%2Fwp%2Fv2%2Fcategories&post=1037"},{"taxonomy":"post_tag","embeddable":true,"href":"https:\/\/tezuka.strobez.ca\/wp\/index.php?rest_route=%2Fwp%2Fv2%2Ftags&post=1037"}],"curies":[{"name":"wp","href":"https:\/\/api.w.org\/{rel}","templated":true}]}}