{"id":588,"date":"2014-01-15T04:50:09","date_gmt":"2014-01-15T04:50:09","guid":{"rendered":"https:\/\/tezuka.strobez.ca\/wp\/?page_id=588"},"modified":"2023-02-15T21:13:02","modified_gmt":"2023-02-15T21:13:02","slug":"brave-dan-manga","status":"publish","type":"page","link":"https:\/\/tezuka.strobez.ca\/wp\/?page_id=588","title":{"rendered":"Brave Dan (Manga)"},"content":{"rendered":"<h5 class=\"also-known\">Also known as \u52c7\u8005\u30c0\u30f3 (Yuusha Dan)<\/h5>\n<hr \/>\n<div class=\"manga-page-text\">\n<p><a href=\"https:\/\/tezuka.strobez.ca\/wp\/wp-content\/uploads\/2014\/01\/bravedan-cover1.jpg\"><img loading=\"lazy\" decoding=\"async\" class=\"aligncenter wp-image-6002 size-medium\" src=\"https:\/\/tezuka.strobez.ca\/wp\/wp-content\/uploads\/2014\/01\/bravedan-cover1-200x300.jpg\" alt=\"\" width=\"200\" height=\"300\" srcset=\"https:\/\/tezuka.strobez.ca\/wp\/wp-content\/uploads\/2014\/01\/bravedan-cover1-200x300.jpg 200w, https:\/\/tezuka.strobez.ca\/wp\/wp-content\/uploads\/2014\/01\/bravedan-cover1-60x90.jpg 60w, https:\/\/tezuka.strobez.ca\/wp\/wp-content\/uploads\/2014\/01\/bravedan-cover1.jpg 400w\" sizes=\"auto, (max-width: 200px) 100vw, 200px\" \/><\/a><\/p>\n<table class=\"manga-page\">\n<tbody>\n<tr>\n<td><strong>English Title:<\/strong><\/td>\n<td><em>Brave Dan<\/em><\/td>\n<\/tr>\n<tr>\n<td><strong>In English?<\/strong><\/td>\n<td><a href=\"https:\/\/tezuka.strobez.ca\/wp\/translations\/english-translations\/\">Yes<\/a><\/td>\n<\/tr>\n<tr>\n<td><strong>Japanese Title:<\/strong><\/td>\n<td>\u52c7\u8005\u30c0\u30f3<br \/>\n<em>Yuusha Dan<\/em><\/td>\n<\/tr>\n<tr>\n<td><strong>Type:<\/strong><\/td>\n<td><a class=\"manga-type\" href=\"#\">Ongoing Serial<\/a><\/td>\n<\/tr>\n<tr>\n<td><strong>Original run:<\/strong><\/td>\n<td>1962\/07 &#8211; 1962\/12<\/td>\n<\/tr>\n<tr>\n<td><strong>Published in:<\/strong><\/td>\n<td><a title=\"Weekly Shonen Sunday \u9031\u520a\u5c11\u5e74\u30b5\u30f3\u30c7\u30fc [Sh\u016bkan Sh\u014dnen Sand\u0113]\" href=\"https:\/\/tezuka.strobez.ca\/wp\/?page_id=474\"><em>Weekly Shonen Sunday<\/em><\/a><br \/>\n<span title=\"sh\u016bkan sh\u014dnen sand\u0113\">\u9031\u520a\u5c11\u5e74\u30b5\u30f3\u30c7\u30fc<\/span><\/td>\n<\/tr>\n<tr>\n<td><strong>Published by:<\/strong><\/td>\n<td><a title=\"Shogakukan\" href=\"http:\/\/en.wikipedia.org\/wiki\/Shogakukan\">Shogakukan<\/a><\/td>\n<\/tr>\n<tr>\n<td><strong>Volumes:<\/strong><\/td>\n<td>1<br \/>\n<a href=\"https:\/\/tezuka.strobez.ca\/wp\/?page_id=446\/#mt-029\">MT-229<\/a><\/td>\n<\/tr>\n<\/tbody>\n<\/table>\n<\/div>\n<p>Osamu Tezuka&#8217;s tale of an Ainu boy and his tiger, <em>Brave Dan<\/em> (1962) followed <em>The White Pilot<\/em> (1961-62) in <a title=\"Weekly Shonen Sunday \u9031\u520a\u5c11\u5e74\u30b5\u30f3\u30c7\u30fc [Sh\u016bkan Sh\u014dnen Sand\u0113]\" href=\"https:\/\/tezuka.strobez.ca\/wp\/?page_id=474\"><em>Weekly Shonen Sunday<\/em><\/a>, and was originally serialized from July to December 1962.<\/p>\n<h2>What it&#8217;s about<\/h2>\n<p>The story opens with Kotan, a young <a title=\"Ainu people\" href=\"http:\/\/en.wikipedia.org\/wiki\/Ainu_people\">Ainu<\/a> boy, and his family escaping from a logging camp in northern <a title=\"Hokkaido\" href=\"http:\/\/en.wikipedia.org\/wiki\/Hokkaido\">Hokkaido<\/a> prefecture after an altercation with a corrupt foreman.\u00a0 However, when Kotan&#8217;s father sets off a forest fire to cover their tracks, it quickly gets out of hand and puts the whole family in danger.\u00a0 Meanwhile, a train transporting a tiger named Dan bound for the zoo is caught up in the fire and derails, setting Dan free.\u00a0 Yet his freedom is short-lived as a fire-engulfed tree falls on him pining him.\u00a0 By chance Kotan and his family happen upon the trapped tiger, and Kotan pleads with his father to free Dan.\u00a0 Risking their own freedom, Kotan and his father free Dan just as their pursuers catch up to them, and with Dan&#8217;s help, they are chased off and the family and tiger make it to safety.<\/p>\n<div id=\"attachment_590\" style=\"width: 210px\" class=\"wp-caption alignright\"><a href=\"https:\/\/tezuka.strobez.ca\/wp\/wp-content\/uploads\/2014\/01\/bravedan-manga01.jpg\"><img loading=\"lazy\" decoding=\"async\" aria-describedby=\"caption-attachment-590\" class=\" wp-image-590 size-medium\" src=\"https:\/\/tezuka.strobez.ca\/wp\/wp-content\/uploads\/2014\/01\/bravedan-manga01-200x300.jpg\" alt=\"Dan is trapped!\" width=\"200\" height=\"300\" srcset=\"https:\/\/tezuka.strobez.ca\/wp\/wp-content\/uploads\/2014\/01\/bravedan-manga01-200x300.jpg 200w, https:\/\/tezuka.strobez.ca\/wp\/wp-content\/uploads\/2014\/01\/bravedan-manga01.jpg 400w\" sizes=\"auto, (max-width: 200px) 100vw, 200px\" \/><\/a><p id=\"caption-attachment-590\" class=\"wp-caption-text\">Dan is trapped!<\/p><\/div>\n<p>After a short rest the two part company, but when Dan hears gunshots, he rushes back to discover Kotan&#8217;s parents have been kidnapped and the boy all alone.\u00a0 Chasing after them, the boy and the tiger are soon swept up into a mighty river and washed away to the ruins of a hidden underground Ainu temple.\u00a0 There they meet a mysterious old man named Upopo who takes in the young boy and trains him to be the savior of the Ainu people.\u00a0 Three years later, after facing their final training challenge, Kotan and Ben return to the temple to find Upopo shot and dying.\u00a0 With his last breath, Upopo reveals that he has been guarding one of three keys to the Ainu&#8217;s lost treasure.\u00a0 He entrusts the key to Kotan, and makes him promise to find the others and unlock the treasure.<\/p>\n<div id=\"attachment_591\" style=\"width: 210px\" class=\"wp-caption alignleft\"><a href=\"https:\/\/tezuka.strobez.ca\/wp\/wp-content\/uploads\/2014\/01\/bravedan-manga02.jpg\"><img loading=\"lazy\" decoding=\"async\" aria-describedby=\"caption-attachment-591\" class=\" wp-image-591 size-medium\" src=\"https:\/\/tezuka.strobez.ca\/wp\/wp-content\/uploads\/2014\/01\/bravedan-manga02-200x300.jpg\" alt=\"A boy and his tiger\" width=\"200\" height=\"300\" srcset=\"https:\/\/tezuka.strobez.ca\/wp\/wp-content\/uploads\/2014\/01\/bravedan-manga02-200x300.jpg 200w, https:\/\/tezuka.strobez.ca\/wp\/wp-content\/uploads\/2014\/01\/bravedan-manga02.jpg 400w\" sizes=\"auto, (max-width: 200px) 100vw, 200px\" \/><\/a><p id=\"caption-attachment-591\" class=\"wp-caption-text\">A boy and his tiger<\/p><\/div>\n<p>With that, Kotan and Dan find themselves in a race with the evil Sekkoku Kou to track down the keys and claim the treasure.<\/p>\n<h2>What you should know<\/h2>\n<p><em>Brave Dan<\/em> (1962) is, along with the later <em>Shumari<\/em> (1974-76), one of several of Tezuka&#8217;s tales that deals with the indigenous <a title=\"Ainu people\" href=\"http:\/\/en.wikipedia.org\/wiki\/Ainu_people\">Ainu<\/a> people who primarily live in northern <a title=\"Hokkaido\" href=\"http:\/\/en.wikipedia.org\/wiki\/Hokkaido\">Hokkaido<\/a> prefecture.\u00a0 As Tezuka mentions in the afterword to the <a title=\"Osamu Tezuka Complete Manga Works\" href=\"https:\/\/tezuka.strobez.ca\/wp\/?page_id=443\"><em>Osamu Tezuka Complete Manga Works<\/em><\/a> edition (<a title=\"MT-001 to MT-050\" href=\"https:\/\/tezuka.strobez.ca\/wp\/?page_id=446\/#mt-029\">MT-029<\/a>), &#8220;I admire the Ainu people for their romance and courage, but I am also saddened by their tragic history and current condition.\u00a0 Still, I love the Ainu&#8217;s tales and legends, especially when it relates to the Ainu gods&#8221; (1979, p. 252).\u00a0 Against this backdrop, Tezuka was able to craft an adventure tale that incorporates straight up action with some social commentary regarding the plight of Japan&#8217;s indigenous people.\u00a0 He was also able to squeeze in a little science-fiction into the tale, by tracing a connection between the origins of the Ainu with several &#8220;ancient alien&#8221; theories &#8211; something that was extremely popular in Japan at the time it was serialized.<\/p>\n<div id=\"attachment_592\" style=\"width: 210px\" class=\"wp-caption alignright\"><a href=\"https:\/\/tezuka.strobez.ca\/wp\/wp-content\/uploads\/2014\/01\/bravedan-manga03.jpg\"><img loading=\"lazy\" decoding=\"async\" aria-describedby=\"caption-attachment-592\" class=\" wp-image-592 size-medium\" src=\"https:\/\/tezuka.strobez.ca\/wp\/wp-content\/uploads\/2014\/01\/bravedan-manga03-200x300.jpg\" alt=\"confronting the evil Sekkoku Kou\" width=\"200\" height=\"300\" srcset=\"https:\/\/tezuka.strobez.ca\/wp\/wp-content\/uploads\/2014\/01\/bravedan-manga03-200x300.jpg 200w, https:\/\/tezuka.strobez.ca\/wp\/wp-content\/uploads\/2014\/01\/bravedan-manga03.jpg 400w\" sizes=\"auto, (max-width: 200px) 100vw, 200px\" \/><\/a><p id=\"caption-attachment-592\" class=\"wp-caption-text\">confronting the evil Sekkoku Kou<\/p><\/div>\n<p>It is also interesting to note that although many of Tezuka&#8217;s manga have animals cast in the main role, tigers only appear rarely.\u00a0 In fact only <em>Brave Dan<\/em> (1962) and <em>Tigerland<\/em> (1974) have tigers as a protagonist.\u00a0 According to Tezuka this is because &#8220;it is quite difficult to reflect both their motions and emotions in drawings&#8221; (p. 252).<\/p>\n<p>In some ways, <em>Brave Dan<\/em> (1962) can be seen as a reunion (of sorts) of the <a href=\"https:\/\/tezuka.strobez.ca\/wp\/?page_id=10488\"><em>Lost World<\/em> (1948)<\/a> cast &#8211; as both <a href=\"https:\/\/tezuka.strobez.ca\/wp\/?page_id=1104\">Kao Sekken<\/a> and <a href=\"https:\/\/tezuka.strobez.ca\/wp\/?page_id=6846\">Gratin<\/a> make an appearance together as the big baddie, Dr. Zogel\u2019s henchmen. Although it&#8217;s a bit of a stretch to say that Zogel is an appearance by the third member of the trio, <a href=\"https:\/\/tezuka.strobez.ca\/wp\/?page_id=1022\">Afill<\/a>, he has a certain family resemblance &#8211; possibly an attempted character development by Tezuka.<\/p>\n<p>However, despite being a well-crafted and enjoyable story, <em>Brave Dan<\/em> (1962) was also a difficult series for Tezuka to complete.\u00a0 Tezuka was always very conscious of fan feedback, so given that the initial fan reception was luke-warm, and coupled with the fact that he was constantly missing deadlines, by the end of its run in\u00a0<a title=\"Weekly Shonen Sunday \u9031\u520a\u5c11\u5e74\u30b5\u30f3\u30c7\u30fc [Sh\u016bkan Sh\u014dnen Sand\u0113]\" href=\"https:\/\/tezuka.strobez.ca\/wp\/?page_id=474\"><em>Weekly Shonen Sunday<\/em><\/a> Tezuka says he felt &#8220;completely depleted&#8221; (p. 252).<\/p>\n<h2>Where you can get it<\/h2>\n<p>In 2014 as part of DMP\u2019s\u00a0<a href=\"http:\/\/www.digitalmangaguild.com\/\">Digital Manga Guild<\/a>\u00a0initiative, <em>Brave Dan<\/em> (1962)\u00a0was <a href=\"https:\/\/tezuka.strobez.ca\/wp\/?page_id=5649\">published in English as a digital-only release<\/a>. \u00a0It is\u00a0available for legal download on the <a href=\"https:\/\/www.emanga.com\/detail?itemid=2071&amp;returnurl=https%3A%2F%2Fwww.emanga.com%2Fsearch%3Fkeyword%3DTezuka%26oldkeyword%3D%26kindle%3D%26newrelease%3D%26topview%3D%26categoryid%3D%26status%3D%26giftcard%3D%26authorid%3D%26leftGenreFlag%3D%26leftFormatFlag%3D%26leftPublisherFlag%3D%26leftPriceFlag%3D%26emailRegular%3D%26emailHentai%3D\">emanga.com website<\/a> in a variety of popular reading formats (ePub, CBR\/CBZ, PDF, etc.). \u00a0In 2015 a print edition was successfully funded as part of the <em><a href=\"https:\/\/tezuka.strobez.ca\/wp\/?p=5791\">Clockwork Apple<\/a><\/em> Kickstarter campaign. \u00a0In total, 581 backers pledged $32,749 (of $13,500 goal) and the print edition (to replace the digital-only edition) of <em><a href=\"https:\/\/tezuka.strobez.ca\/wp\/?page_id=5649\">Brave Dan<\/a><\/em> was secured as the first stretch goal after the campaign reached the $18,200 mark.<\/p>\n","protected":false},"excerpt":{"rendered":"<p>Osamu Tezuka&#8217;s tale of an Ainu boy and his tiger, Brave Dan (1962) followed The White Pilot (1961-62) in Weekly Shonen Sunday, and was originally serialized from July to December 1962.<\/p>\n","protected":false},"author":1,"featured_media":6002,"parent":9232,"menu_order":0,"comment_status":"closed","ping_status":"closed","template":"","meta":{"jetpack_post_was_ever_published":false,"footnotes":""},"categories":[5],"tags":[92,157,296,339,45],"class_list":["post-588","page","type-page","status-publish","has-post-thumbnail","hentry","category-manga","tag-adventure","tag-available-in-english","tag-ongoing-serials","tag-shonen-manga","tag-weekly-shonen-sunday","has-thumbnail"],"jetpack_sharing_enabled":true,"jetpack_shortlink":"https:\/\/wp.me\/P6vZWu-9u","_links":{"self":[{"href":"https:\/\/tezuka.strobez.ca\/wp\/index.php?rest_route=\/wp\/v2\/pages\/588","targetHints":{"allow":["GET"]}}],"collection":[{"href":"https:\/\/tezuka.strobez.ca\/wp\/index.php?rest_route=\/wp\/v2\/pages"}],"about":[{"href":"https:\/\/tezuka.strobez.ca\/wp\/index.php?rest_route=\/wp\/v2\/types\/page"}],"author":[{"embeddable":true,"href":"https:\/\/tezuka.strobez.ca\/wp\/index.php?rest_route=\/wp\/v2\/users\/1"}],"replies":[{"embeddable":true,"href":"https:\/\/tezuka.strobez.ca\/wp\/index.php?rest_route=%2Fwp%2Fv2%2Fcomments&post=588"}],"version-history":[{"count":27,"href":"https:\/\/tezuka.strobez.ca\/wp\/index.php?rest_route=\/wp\/v2\/pages\/588\/revisions"}],"predecessor-version":[{"id":13332,"href":"https:\/\/tezuka.strobez.ca\/wp\/index.php?rest_route=\/wp\/v2\/pages\/588\/revisions\/13332"}],"up":[{"embeddable":true,"href":"https:\/\/tezuka.strobez.ca\/wp\/index.php?rest_route=\/wp\/v2\/pages\/9232"}],"wp:featuredmedia":[{"embeddable":true,"href":"https:\/\/tezuka.strobez.ca\/wp\/index.php?rest_route=\/wp\/v2\/media\/6002"}],"wp:attachment":[{"href":"https:\/\/tezuka.strobez.ca\/wp\/index.php?rest_route=%2Fwp%2Fv2%2Fmedia&parent=588"}],"wp:term":[{"taxonomy":"category","embeddable":true,"href":"https:\/\/tezuka.strobez.ca\/wp\/index.php?rest_route=%2Fwp%2Fv2%2Fcategories&post=588"},{"taxonomy":"post_tag","embeddable":true,"href":"https:\/\/tezuka.strobez.ca\/wp\/index.php?rest_route=%2Fwp%2Fv2%2Ftags&post=588"}],"curies":[{"name":"wp","href":"https:\/\/api.w.org\/{rel}","templated":true}]}}