{"id":633,"date":"2014-01-15T07:26:02","date_gmt":"2014-01-15T07:26:02","guid":{"rendered":"https:\/\/tezuka.strobez.ca\/wp\/?page_id=633"},"modified":"2023-02-21T23:52:07","modified_gmt":"2023-02-21T23:52:07","slug":"dr-thrill-manga","status":"publish","type":"page","link":"https:\/\/tezuka.strobez.ca\/wp\/?page_id=633","title":{"rendered":"Dr. Thrill (Manga)"},"content":{"rendered":"<h5 class=\"also-known\">Also known as \u30b9\u30ea\u30eb\u535a\u58eb (Suriru Hakase)<\/h5>\n<hr \/>\n<div class=\"manga-page-text\">\n<p><a href=\"https:\/\/tezuka.strobez.ca\/wp\/wp-content\/uploads\/2014\/01\/thrill-e1492997807308.jpg\"><img loading=\"lazy\" decoding=\"async\" class=\"aligncenter wp-image-10079 size-medium\" src=\"https:\/\/tezuka.strobez.ca\/wp\/wp-content\/uploads\/2014\/01\/thrill-e1492997807308-210x300.jpg\" alt=\"Dr. Thrill\" width=\"210\" height=\"300\" srcset=\"https:\/\/tezuka.strobez.ca\/wp\/wp-content\/uploads\/2014\/01\/thrill-e1492997807308-210x300.jpg 210w, https:\/\/tezuka.strobez.ca\/wp\/wp-content\/uploads\/2014\/01\/thrill-e1492997807308-768x1097.jpg 768w, https:\/\/tezuka.strobez.ca\/wp\/wp-content\/uploads\/2014\/01\/thrill-e1492997807308-717x1024.jpg 717w, https:\/\/tezuka.strobez.ca\/wp\/wp-content\/uploads\/2014\/01\/thrill-e1492997807308-60x86.jpg 60w, https:\/\/tezuka.strobez.ca\/wp\/wp-content\/uploads\/2014\/01\/thrill-e1492997807308-700x1000.jpg 700w, https:\/\/tezuka.strobez.ca\/wp\/wp-content\/uploads\/2014\/01\/thrill-e1492997807308-400x572.jpg 400w, https:\/\/tezuka.strobez.ca\/wp\/wp-content\/uploads\/2014\/01\/thrill-e1492997807308.jpg 1725w\" sizes=\"auto, (max-width: 210px) 100vw, 210px\" \/><\/a><\/p>\n<table class=\"manga-page\">\n<tbody>\n<tr>\n<td><strong>English Title:<\/strong><\/td>\n<td><em>Dr. Thrill<\/em><\/td>\n<\/tr>\n<tr>\n<td><strong>In English?<\/strong><\/td>\n<td>No<\/td>\n<\/tr>\n<tr>\n<td><strong>Japanese Title:<\/strong><\/td>\n<td>\u30b9\u30ea\u30eb\u535a\u58eb<br \/>\n<em>Suriru Hakase<\/em><\/td>\n<\/tr>\n<tr>\n<td><strong>Type:<\/strong><\/td>\n<td><a class=\"manga-type\" href=\"#\">Ongoing Serial<\/a><\/td>\n<\/tr>\n<tr>\n<td><strong>Original run:<\/strong><\/td>\n<td>1959\/04\/05 &#8211;\u00a01959\/09\/06<\/td>\n<\/tr>\n<tr>\n<td><strong>Published in:<\/strong><\/td>\n<td><a href=\"https:\/\/tezuka.strobez.ca\/wp\/about-tezuka\/manga-publications\/shonen-sunday\/\"><em>Weekly Shonen\u00a0Sunday<\/em><\/a><br \/>\n\u9031\u520a\u5c11\u5e74\u30b5\u30f3\u30c7\u30fc<\/td>\n<\/tr>\n<tr>\n<td><strong>Published by:<\/strong><\/td>\n<td><a title=\"Shogakukan\" href=\"http:\/\/en.wikipedia.org\/wiki\/Shogakukan\">Shogakukan<\/a><\/td>\n<\/tr>\n<tr>\n<td><strong>Volumes:<\/strong><\/td>\n<td>1<br \/>\n<a href=\"https:\/\/tezuka.strobez.ca\/wp\/?page_id=446#mt020\">MT-020<\/a><\/td>\n<\/tr>\n<\/tbody>\n<\/table>\n<\/div>\n<p><em>Dr. Thrill<\/em> (1959) was originally serialized in\u00a0<a title=\"Weekly Shonen Sunday \u9031\u520a\u5c11\u5e74\u30b5\u30f3\u30c7\u30fc [Sh\u016bkan Sh\u014dnen Sand\u0113]\" href=\"https:\/\/tezuka.strobez.ca\/wp\/?page_id=474\"><em>Weekly Shonen Sunday<\/em><\/a> from April 5 to September 6, 1959.\u00a0 Originally begun as a collection of stand-alone stories, at the request of his editors, Tezuka eventually transformed the story into a long-form serial.<\/p>\n<h2>What it&#8217;s about<\/h2>\n<p>The head of Thrill Hospital,\u00a0<a title=\"Shunsaku Ban [aka Higeoyaji] (Star)\" href=\"https:\/\/tezuka.strobez.ca\/wp\/?page_id=1277\">Shunsaku Ban<\/a> (better known by his nickname, &#8220;Dr. Thrill&#8221;), his eldest son <a title=\"Rock Holmes [aka Makube Rokuro] (Star)\" href=\"https:\/\/tezuka.strobez.ca\/wp\/?page_id=13680\">Kenta<\/a>, and even his dog, Jip are all addicts to the thriller storytelling genre &#8211; something that sometimes gets them in hot water as they attempt to solve all sorts of mysterious detective cases involving the hospital and its staff.<\/p>\n<div id=\"attachment_635\" style=\"width: 220px\" class=\"wp-caption alignright\"><a href=\"https:\/\/tezuka.strobez.ca\/wp\/wp-content\/uploads\/2014\/01\/thrill-manga01.jpg\"><img loading=\"lazy\" decoding=\"async\" aria-describedby=\"caption-attachment-635\" class=\" wp-image-635 size-medium\" src=\"https:\/\/tezuka.strobez.ca\/wp\/wp-content\/uploads\/2014\/01\/thrill-manga01-210x300.jpg\" alt=\"Kenta and Jip are on the case\" width=\"210\" height=\"300\" srcset=\"https:\/\/tezuka.strobez.ca\/wp\/wp-content\/uploads\/2014\/01\/thrill-manga01-210x300.jpg 210w, https:\/\/tezuka.strobez.ca\/wp\/wp-content\/uploads\/2014\/01\/thrill-manga01.jpg 420w\" sizes=\"auto, (max-width: 210px) 100vw, 210px\" \/><\/a><p id=\"caption-attachment-635\" class=\"wp-caption-text\">Kenta and Jip are on the case<\/p><\/div>\n<p>Along the way they encounter an evil group of assassins that plant a time bomb in the belly of a foreign dignitary in an attempt to kill his prince, and the leader of a gang of narcotic smugglers who dresses like a giant insect and hides their wares in honeycombs. \u00a0They duke it out the Black Tengu gang for possession of a treasure, come to the aid of a young boy with insomnia who witnesses a murder.\u00a0 They even get kidnapped by an evil gang of international conspirators &#8211; and that&#8217;s just the beginning!<\/p>\n<div id=\"attachment_636\" style=\"width: 220px\" class=\"wp-caption alignright\"><a href=\"https:\/\/tezuka.strobez.ca\/wp\/wp-content\/uploads\/2014\/01\/thrill-manga02.jpg\"><img loading=\"lazy\" decoding=\"async\" aria-describedby=\"caption-attachment-636\" class=\" wp-image-636 size-medium\" src=\"https:\/\/tezuka.strobez.ca\/wp\/wp-content\/uploads\/2014\/01\/thrill-manga02-210x300.jpg\" alt=\"Giant drug-smuggling bee!\" width=\"210\" height=\"300\" srcset=\"https:\/\/tezuka.strobez.ca\/wp\/wp-content\/uploads\/2014\/01\/thrill-manga02-210x300.jpg 210w, https:\/\/tezuka.strobez.ca\/wp\/wp-content\/uploads\/2014\/01\/thrill-manga02.jpg 420w\" sizes=\"auto, (max-width: 210px) 100vw, 210px\" \/><\/a><p id=\"caption-attachment-636\" class=\"wp-caption-text\">Giant drug-smuggling bee!<\/p><\/div>\n<p>In each case, the team relies on a combination of <a title=\"Rock Holmes [aka Makube Rokuro] (Star)\" href=\"https:\/\/tezuka.strobez.ca\/wp\/?page_id=13680\">Kenta<\/a>&#8216;s quick wits, Jip&#8217;s ability to rush into action, and <a title=\"Shunsaku Ban [aka Higeoyaji] (Star)\" href=\"https:\/\/tezuka.strobez.ca\/wp\/?page_id=1277\">Dr. Thrill<\/a>&#8216;s steady reasoning to see them through.<\/p>\n<div>\n<h2>What you should know<\/h2>\n<p>When Kodansha Ltd. launched the first weekly manga magazine devoted to young boys, <em>Weekly Shonen Magazine<\/em> in March 1959, rival publisher Shogakukan Inc. was quick to counter. As such, a similarly-focused magazine,\u00a0<a title=\"Weekly Shonen Sunday \u9031\u520a\u5c11\u5e74\u30b5\u30f3\u30c7\u30fc [Sh\u016bkan Sh\u014dnen Sand\u0113]\" href=\"https:\/\/tezuka.strobez.ca\/wp\/?page_id=474\"><em>Weekly Shonen Sunday<\/em><\/a> hit the stands in early April 1959 &#8211; with Tezuka&#8217;s <em>Dr. Thrill<\/em> (1959) leading the way.\u00a0 The two rivals quickly set the standard for boys&#8217; magazines, with the weekly format replacing the traditional monthly one.<\/p>\n<div id=\"attachment_637\" style=\"width: 220px\" class=\"wp-caption alignleft\"><a href=\"https:\/\/tezuka.strobez.ca\/wp\/wp-content\/uploads\/2014\/01\/thrill-manga03.jpg\"><img loading=\"lazy\" decoding=\"async\" aria-describedby=\"caption-attachment-637\" class=\" wp-image-637 size-medium\" src=\"https:\/\/tezuka.strobez.ca\/wp\/wp-content\/uploads\/2014\/01\/thrill-manga03-210x300.jpg\" alt=\"The Black Tengu Gang\" width=\"210\" height=\"300\" srcset=\"https:\/\/tezuka.strobez.ca\/wp\/wp-content\/uploads\/2014\/01\/thrill-manga03-210x300.jpg 210w, https:\/\/tezuka.strobez.ca\/wp\/wp-content\/uploads\/2014\/01\/thrill-manga03.jpg 420w\" sizes=\"auto, (max-width: 210px) 100vw, 210px\" \/><\/a><p id=\"caption-attachment-637\" class=\"wp-caption-text\">The Black Tengu Gang<\/p><\/div>\n<p>Serialized over a period of six months, at first Tezuka produced stand alone chapters, with each story unrelated to the rest.\u00a0 However, at the behest of his editors, Tezuka later changed the story into a long-form serial that ended each week with a thrilling &#8220;to be continued&#8221;.\u00a0 This format proved more successful and, as a result, Tezuka&#8217;s next series for <a title=\"Weekly Shonen Sunday \u9031\u520a\u5c11\u5e74\u30b5\u30f3\u30c7\u30fc [Sh\u016bkan Sh\u014dnen Sand\u0113]\" href=\"https:\/\/tezuka.strobez.ca\/wp\/?page_id=474\"><em>Weekly Shonen Sunday<\/em><\/a>, <a title=\"Zero Men (Manga)\" href=\"https:\/\/tezuka.strobez.ca\/wp\/?page_id=849\"><em>Zero Men<\/em> (1959-60)<\/a>, was crafted as a lengthy science-fiction tale from the beginning.<\/p>\n<p>Also, because of this shift in format, Tezuka decided to change the order of some of the chapters when they were later collected in book form.\u00a0 In fact, the collected editions do not contain the last chapter of <em>Dr. Thrill<\/em> (1959) that was originally published in <a title=\"Weekly Shonen Sunday \u9031\u520a\u5c11\u5e74\u30b5\u30f3\u30c7\u30fc [Sh\u016bkan Sh\u014dnen Sand\u0113]\" href=\"https:\/\/tezuka.strobez.ca\/wp\/?page_id=474\"><em>Weekly Shonen Sunday<\/em><\/a>.<\/p>\n<\/div>\n","protected":false},"excerpt":{"rendered":"<p>Dr. Thrill (1959) was originally serialized in Weekly Shonen Sunday from April 5 to September 6, 1959.  Originally begun as a collection of stand-alone stories, at the request of his editors, Tezuka eventually transformed the story into a long-form serial.<\/p>\n","protected":false},"author":1,"featured_media":10079,"parent":9236,"menu_order":0,"comment_status":"closed","ping_status":"closed","template":"","meta":{"jetpack_post_was_ever_published":false,"footnotes":""},"categories":[5],"tags":[92,166,59,296,339,45],"class_list":["post-633","page","type-page","status-publish","has-post-thumbnail","hentry","category-manga","tag-adventure","tag-mid-career-works","tag-mystery","tag-ongoing-serials","tag-shonen-manga","tag-weekly-shonen-sunday","has-thumbnail"],"jetpack_sharing_enabled":true,"jetpack_shortlink":"https:\/\/wp.me\/P6vZWu-ad","_links":{"self":[{"href":"https:\/\/tezuka.strobez.ca\/wp\/index.php?rest_route=\/wp\/v2\/pages\/633","targetHints":{"allow":["GET"]}}],"collection":[{"href":"https:\/\/tezuka.strobez.ca\/wp\/index.php?rest_route=\/wp\/v2\/pages"}],"about":[{"href":"https:\/\/tezuka.strobez.ca\/wp\/index.php?rest_route=\/wp\/v2\/types\/page"}],"author":[{"embeddable":true,"href":"https:\/\/tezuka.strobez.ca\/wp\/index.php?rest_route=\/wp\/v2\/users\/1"}],"replies":[{"embeddable":true,"href":"https:\/\/tezuka.strobez.ca\/wp\/index.php?rest_route=%2Fwp%2Fv2%2Fcomments&post=633"}],"version-history":[{"count":25,"href":"https:\/\/tezuka.strobez.ca\/wp\/index.php?rest_route=\/wp\/v2\/pages\/633\/revisions"}],"predecessor-version":[{"id":13682,"href":"https:\/\/tezuka.strobez.ca\/wp\/index.php?rest_route=\/wp\/v2\/pages\/633\/revisions\/13682"}],"up":[{"embeddable":true,"href":"https:\/\/tezuka.strobez.ca\/wp\/index.php?rest_route=\/wp\/v2\/pages\/9236"}],"wp:featuredmedia":[{"embeddable":true,"href":"https:\/\/tezuka.strobez.ca\/wp\/index.php?rest_route=\/wp\/v2\/media\/10079"}],"wp:attachment":[{"href":"https:\/\/tezuka.strobez.ca\/wp\/index.php?rest_route=%2Fwp%2Fv2%2Fmedia&parent=633"}],"wp:term":[{"taxonomy":"category","embeddable":true,"href":"https:\/\/tezuka.strobez.ca\/wp\/index.php?rest_route=%2Fwp%2Fv2%2Fcategories&post=633"},{"taxonomy":"post_tag","embeddable":true,"href":"https:\/\/tezuka.strobez.ca\/wp\/index.php?rest_route=%2Fwp%2Fv2%2Ftags&post=633"}],"curies":[{"name":"wp","href":"https:\/\/api.w.org\/{rel}","templated":true}]}}